{"id":1427,"date":"2022-06-13T00:16:06","date_gmt":"2022-06-13T00:16:06","guid":{"rendered":"https:\/\/marcelopetraglia.com.br\/?page_id=1427"},"modified":"2026-03-18T16:50:57","modified_gmt":"2026-03-18T16:50:57","slug":"programa-de-estudo-para-o-uso-terapeutico-da-mesa-lira-e-dos-tubos-sonoros","status":"publish","type":"page","link":"https:\/\/marcelopetraglia.com.br\/?page_id=1427","title":{"rendered":"programa de estudo para o uso terap\u00eautico da mesa lira e dos tubos sonoros"},"content":{"rendered":"\n<hr class=\"wp-block-separator has-alpha-channel-opacity is-style-wide\"\/>\n\n\n\n<p>Encontre um terapeuta Mesa Lira &amp; Tubos Sonoros atuante no Brasil &#8211; <a href=\"https:\/\/marcelopetraglia.com.br\/?p=6836\"><strong>ver mapa<\/strong><\/a><\/p>\n\n\n\n<p>Assista aqui as grava\u00e7\u00f5es das edi\u00e7\u00f5es do <strong><a href=\"https:\/\/marcelopetraglia.com.br\/?p=9545\">Painel Mesa Lira &amp; Tubos Sonoros Brasil<\/a><\/strong><\/p>\n\n\n\n<hr class=\"wp-block-separator has-alpha-channel-opacity is-style-wide\"\/>\n\n\n\n<div class=\"wp-block-advgb-columns advgb-columns-wrapper\" id=\"advgb-cols-b955342c-a56d-4512-a392-0fd569741148\"><div class=\"advgb-columns-container\"><div class=\"advgb-columns advgb-columns-row advgb-is-mobile advgb-columns-2 layout-12-12 mbl-layout-stacked gutter-20 vgutter-10\">\n<div class=\"wp-block-advgb-column advgb-column\" id=\"advgb-col-54fbe4b8-7d90-42ac-88ff-c8289d98f378\"><div class=\"advgb-column-inner\" style=\"border-style:none;border-width:1px\">\n<p><strong>Apresenta\u00e7\u00e3o<\/strong><\/p>\n\n\n\n<p>A busca de novas ferramentas e abordagens para a atua\u00e7\u00e3o com o som em processos terap\u00eauticos nos levou a mais de 15 anos a conhecer e iniciar uma pesquisa com a Mesa Lira e os Tubos Sonoros. Estes instrumentos est\u00e3o sendo hoje utilizados por diversos terapeutas no Brasil, na Europa e nos Estados Unidos e tem-se conseguido com eles atender pacientes em um leque bastante amplo de situa\u00e7\u00f5es e patologias. Por ser esta uma abordagem vibracional, bastante nova, com pouca pesquisa e documenta\u00e7\u00e3o, achamos importante divulgar seus fundamentos, nossas descobertas e o vasto campo de pesquisa que este trabalho oferece.<\/p>\n<\/div><\/div>\n\n\n\n<div class=\"wp-block-advgb-column advgb-column\" id=\"advgb-col-75ed36fc-93ae-4506-b47d-a6d20793caa5\"><div class=\"advgb-column-inner\" style=\"border-style:none;border-width:1px\">\n<figure class=\"wp-block-embed is-type-video is-provider-youtube wp-block-embed-youtube wp-embed-aspect-4-3 wp-has-aspect-ratio\"><div class=\"wp-block-embed__wrapper\">\n<iframe loading=\"lazy\" title=\"Mesa Lira e Tubos Sonoros\" width=\"500\" height=\"375\" src=\"https:\/\/www.youtube.com\/embed\/LW3TUQCs8hM?feature=oembed\" frameborder=\"0\" allow=\"accelerometer; autoplay; clipboard-write; encrypted-media; gyroscope; picture-in-picture; web-share\" referrerpolicy=\"strict-origin-when-cross-origin\" allowfullscreen><\/iframe>\n<\/div><\/figure>\n<\/div><\/div>\n<\/div><\/div><\/div>\n\n\n\n<div class=\"wp-block-advgb-columns advgb-columns-wrapper\" id=\"advgb-cols-0a562c90-e0db-413e-9c04-2026d7b556f0\"><div class=\"advgb-columns-container\"><div class=\"advgb-columns advgb-columns-row advgb-is-mobile advgb-columns-3 layout-13-13-13 mbl-layout-stacked gutter-20 vgutter-10\">\n<div class=\"wp-block-advgb-column advgb-column\" id=\"advgb-col-f09541de-f39c-4fed-9601-d265c0d5e36c\"><div class=\"advgb-column-inner\" style=\"border-style:none;border-width:1px\">\n<hr><a href=\"https:\/\/marcelopetraglia.com.br\/?p=1262\">\n\t<strong>Fase 1 \u2013 Fundamentos para o trabalho com a ML &amp; TS,<\/strong>\n\t<img decoding=\"async\" src=\"http:\/\/www.marcelopetraglia.com.br\/mp_imagem\/ml-ts_fase1.png\" alt=\"\"><\/a>\n\n<p><strong>Objetivo:<\/strong><\/p>\n<ul>\n \t<li>Apresentar os princ\u00edpios vibrat\u00f3rios, sonoros e musicais que fundamentam o trabalho terap\u00eautico com a ML &#038; TS.<\/li>\n \t<li>Orientar sobre a pr\u00e1tica de atendimento e o processo terap\u00eautico com a ML &#038; TS.<\/li>\n<li>Dar indica\u00e7\u00f5es (e contraindica\u00e7\u00f5es) para o uso terap\u00eautico da ML &#038; TS.<\/li>\n<\/ul>\n<p>\n\t\n<strong>Formato:<\/strong> EAD utilizando nossa plataforma de estudos + 4 encontros online.<\/p>\n<p>\n<strong>Dura\u00e7\u00e3o:<\/strong> 4 semanas<\/p>\n<p><strong>Publico alvo:<\/strong> M\u00fasicos, Musicoterapeutas, Terapeutas em geral e todos aqueles que tem interesse nos aspectos sutis da rela\u00e7\u00e3o entre o som e o ser humano.<\/p>\n<p><a href=\"https:\/\/marcelopetraglia.com.br\/?p=1262\"><strong>Veja aqui informa\u00e7\u00f5es completas<\/strong><\/a><\/p>\n<\/div><\/div>\n\n\n\n<div class=\"wp-block-advgb-column advgb-column\" id=\"advgb-col-b4397f40-03c5-453b-8bea-0906d3bac769\"><div class=\"advgb-column-inner\" style=\"border-style:none;border-width:1px\">\n<hr><a href=\"https:\/\/marcelopetraglia.com.br\/?p=1320\">\n<strong>Fase 2 \u2013 Viv\u00eancia e aprofundamento do trabalho com a ML &amp; TS<\/strong>\n<img decoding=\"async\" src=\"http:\/\/www.marcelopetraglia.com.br\/mp_imagem\/ml-ts_fase2.png\" alt=\"\"><\/a>\n<p><strong>Objetivo:<\/strong><\/p>\n<ul>\n \t<li>Propiciar aos participantes a possibilidade de vivenciar os efeitos dos instrumentos (tanto como paciente quanto como terapeuta)<\/li>\n<li>Praticar as t\u00e9cnicas de toque dos instrumentos.<\/li>\n<li>Elabora\u00e7\u00e3o das quest\u00f5es relativas \u00e0 anamnese e \u00e0 avalia\u00e7\u00e3o radiest\u00e9sica como procedimentos direcionadores do atendimento.<\/li>\n \t<li>Aprimorar a consci\u00eancia sobre a a\u00e7\u00e3o dos ritmos, intensidades e estrutura composicional do tocar terap\u00eautico.<\/li>\n<\/ul><p>\n<strong>Formato:<\/strong> Presencial em grupo.<\/p>\n<p><strong>Carga hor\u00e1ria:<\/strong> Encontro intensivo com 14h de atividade.<\/p>\n<p><strong>Publico alvo:<\/strong> Participantes da Fase 1 ou que j\u00e1 tenham cursado a oficina anteriormente.<\/p>\n<p><a href=\"https:\/\/marcelopetraglia.com.br\/?p=1320\"><strong>Veja aqui informa\u00e7\u00f5es completas<\/strong><\/a><\/p>\n<\/div><\/div>\n\n\n\n<div class=\"wp-block-advgb-column advgb-column\" id=\"advgb-col-92b7ef49-6ebc-499b-bc94-0448f7489dc4\"><div class=\"advgb-column-inner\" style=\"border-style:none;border-width:1px\">\n<hr><a href=\"https:\/\/marcelopetraglia.com.br\/?p=1443\">\n\t<strong>Consultoria e supervis\u00e3o de atendimentos <\/strong><\/a>\n<p><\/p>\n<p><a href=\"https:\/\/marcelopetraglia.com.br\/?p=1443\"><img decoding=\"async\" src=\"http:\/\/www.marcelopetraglia.com.br\/mp_imagem\/ml-ts_fase3.png\" alt=\"\"><\/a><\/p>\n<p><\/p>\n\t<p><strong>Objetivo:<\/strong><\/p>\n<ul>\n \t<li>Avaliar procedimentos terap\u00eauticos.<\/li>\n \t<li>Oferecer orienta\u00e7\u00e3o sobre casos espec\u00edficos trazidos pelo participante.<\/li>\n \t<li>Aprimorar a t\u00e9cnica dos instrumentos.<\/li>\n \t<li>Troca de experi\u00eancias<\/li>\n<\/ul>\n<p>\n<strong>Condi\u00e7\u00f5es gerais:<\/strong>\n\tLocal, data, carga hor\u00e1ria e valores, ser\u00e3o definidos caso a caso em comum acordo entre o(s) solicitante(s) e os docentes.<\/p>\n<p><strong>Publico alvo:<\/strong> Todos aqueles que participaram das Fases 1 e 2 ou que tenham cursado a oficina anteriormente, que estejam atuando terapeuticamente com a ML &amp; TS.\t\n<\/p>\n<p><a href=\"https:\/\/marcelopetraglia.com.br\/?p=1443\"><strong>Veja aqui informa\u00e7\u00f5es completas<\/strong><\/a><\/p>\n<\/div><\/div>\n<\/div><\/div><\/div>\n<style class=\"advgb-styles-renderer\">#advgb-col-54fbe4b8-7d90-42ac-88ff-c8289d98f378>.advgb-column-inner{}@media screen and (max-width: 1023px) {#advgb-col-54fbe4b8-7d90-42ac-88ff-c8289d98f378>.advgb-column-inner{}}@media screen and (max-width: 767px) {#advgb-col-54fbe4b8-7d90-42ac-88ff-c8289d98f378>.advgb-column-inner{}}#advgb-col-75ed36fc-93ae-4506-b47d-a6d20793caa5>.advgb-column-inner{}@media screen and (max-width: 1023px) {#advgb-col-75ed36fc-93ae-4506-b47d-a6d20793caa5>.advgb-column-inner{}}@media screen and (max-width: 767px) {#advgb-col-75ed36fc-93ae-4506-b47d-a6d20793caa5>.advgb-column-inner{}}#advgb-cols-b955342c-a56d-4512-a392-0fd569741148{}@media screen and (max-width: 1023px) {#advgb-cols-b955342c-a56d-4512-a392-0fd569741148{}}@media screen and (max-width: 767px) {#advgb-cols-b955342c-a56d-4512-a392-0fd569741148{}}#advgb-col-54fbe4b8-7d90-42ac-88ff-c8289d98f378>.advgb-column-inner{}@media screen and (max-width: 1023px) {#advgb-col-54fbe4b8-7d90-42ac-88ff-c8289d98f378>.advgb-column-inner{}}@media screen and (max-width: 767px) {#advgb-col-54fbe4b8-7d90-42ac-88ff-c8289d98f378>.advgb-column-inner{}}#advgb-col-75ed36fc-93ae-4506-b47d-a6d20793caa5>.advgb-column-inner{}@media screen and (max-width: 1023px) {#advgb-col-75ed36fc-93ae-4506-b47d-a6d20793caa5>.advgb-column-inner{}}@media screen and (max-width: 767px) {#advgb-col-75ed36fc-93ae-4506-b47d-a6d20793caa5>.advgb-column-inner{}}#advgb-col-f09541de-f39c-4fed-9601-d265c0d5e36c>.advgb-column-inner{}@media screen and (max-width: 1023px) {#advgb-col-f09541de-f39c-4fed-9601-d265c0d5e36c>.advgb-column-inner{}}@media screen and (max-width: 767px) {#advgb-col-f09541de-f39c-4fed-9601-d265c0d5e36c>.advgb-column-inner{}}#advgb-col-b4397f40-03c5-453b-8bea-0906d3bac769>.advgb-column-inner{}@media screen and (max-width: 1023px) {#advgb-col-b4397f40-03c5-453b-8bea-0906d3bac769>.advgb-column-inner{}}@media screen and (max-width: 767px) {#advgb-col-b4397f40-03c5-453b-8bea-0906d3bac769>.advgb-column-inner{}}#advgb-col-92b7ef49-6ebc-499b-bc94-0448f7489dc4>.advgb-column-inner{}@media screen and (max-width: 1023px) {#advgb-col-92b7ef49-6ebc-499b-bc94-0448f7489dc4>.advgb-column-inner{}}@media screen and (max-width: 767px) {#advgb-col-92b7ef49-6ebc-499b-bc94-0448f7489dc4>.advgb-column-inner{}}#advgb-cols-0a562c90-e0db-413e-9c04-2026d7b556f0{}@media screen and (max-width: 1023px) {#advgb-cols-0a562c90-e0db-413e-9c04-2026d7b556f0{}}@media screen and (max-width: 767px) {#advgb-cols-0a562c90-e0db-413e-9c04-2026d7b556f0{}}#advgb-col-f09541de-f39c-4fed-9601-d265c0d5e36c>.advgb-column-inner{}@media screen and (max-width: 1023px) {#advgb-col-f09541de-f39c-4fed-9601-d265c0d5e36c>.advgb-column-inner{}}@media screen and (max-width: 767px) {#advgb-col-f09541de-f39c-4fed-9601-d265c0d5e36c>.advgb-column-inner{}}#advgb-col-b4397f40-03c5-453b-8bea-0906d3bac769>.advgb-column-inner{}@media screen and (max-width: 1023px) {#advgb-col-b4397f40-03c5-453b-8bea-0906d3bac769>.advgb-column-inner{}}@media screen and (max-width: 767px) {#advgb-col-b4397f40-03c5-453b-8bea-0906d3bac769>.advgb-column-inner{}}#advgb-col-92b7ef49-6ebc-499b-bc94-0448f7489dc4>.advgb-column-inner{}@media screen and (max-width: 1023px) {#advgb-col-92b7ef49-6ebc-499b-bc94-0448f7489dc4>.advgb-column-inner{}}@media screen and (max-width: 767px) {#advgb-col-92b7ef49-6ebc-499b-bc94-0448f7489dc4>.advgb-column-inner{}}<\/style>","protected":false},"excerpt":{"rendered":"<p>Encontre um terapeuta Mesa Lira &amp; Tubos Sonoros atuante no Brasil &#8211; ver mapa Assista aqui as grava\u00e7\u00f5es das edi\u00e7\u00f5es do Painel Mesa Lira &amp; Tubos Sonoros Brasil<\/p>\n","protected":false},"author":2,"featured_media":0,"parent":0,"menu_order":0,"comment_status":"closed","ping_status":"closed","template":"","meta":{"_uag_custom_page_level_css":"","advgb_blocks_editor_width":"","advgb_blocks_columns_visual_guide":"","site-sidebar-layout":"default","site-content-layout":"","ast-site-content-layout":"default","site-content-style":"default","site-sidebar-style":"default","ast-global-header-display":"","ast-banner-title-visibility":"","ast-main-header-display":"","ast-hfb-above-header-display":"","ast-hfb-below-header-display":"","ast-hfb-mobile-header-display":"","site-post-title":"","ast-breadcrumbs-content":"","ast-featured-img":"","footer-sml-layout":"","ast-disable-related-posts":"","theme-transparent-header-meta":"","adv-header-id-meta":"","stick-header-meta":"","header-above-stick-meta":"","header-main-stick-meta":"","header-below-stick-meta":"","astra-migrate-meta-layouts":"set","ast-page-background-enabled":"default","ast-page-background-meta":{"desktop":{"background-color":"var(--ast-global-color-4)","background-image":"","background-repeat":"repeat","background-position":"center center","background-size":"auto","background-attachment":"scroll","background-type":"","background-media":"","overlay-type":"","overlay-color":"","overlay-opacity":"","overlay-gradient":""},"tablet":{"background-color":"","background-image":"","background-repeat":"repeat","background-position":"center center","background-size":"auto","background-attachment":"scroll","background-type":"","background-media":"","overlay-type":"","overlay-color":"","overlay-opacity":"","overlay-gradient":""},"mobile":{"background-color":"","background-image":"","background-repeat":"repeat","background-position":"center center","background-size":"auto","background-attachment":"scroll","background-type":"","background-media":"","overlay-type":"","overlay-color":"","overlay-opacity":"","overlay-gradient":""}},"ast-content-background-meta":{"desktop":{"background-color":"var(--ast-global-color-5)","background-image":"","background-repeat":"repeat","background-position":"center center","background-size":"auto","background-attachment":"scroll","background-type":"","background-media":"","overlay-type":"","overlay-color":"","overlay-opacity":"","overlay-gradient":""},"tablet":{"background-color":"var(--ast-global-color-5)","background-image":"","background-repeat":"repeat","background-position":"center center","background-size":"auto","background-attachment":"scroll","background-type":"","background-media":"","overlay-type":"","overlay-color":"","overlay-opacity":"","overlay-gradient":""},"mobile":{"background-color":"var(--ast-global-color-5)","background-image":"","background-repeat":"repeat","background-position":"center center","background-size":"auto","background-attachment":"scroll","background-type":"","background-media":"","overlay-type":"","overlay-color":"","overlay-opacity":"","overlay-gradient":""}},"pgc_sgb_lightbox_settings":"","footnotes":""},"class_list":["post-1427","page","type-page","status-publish","hentry"],"uagb_featured_image_src":{"full":false,"thumbnail":false,"medium":false,"medium_large":false,"large":false,"1536x1536":false,"2048x2048":false,"lifterlms_certificate_background":false,"llms_notification_icon":false},"uagb_author_info":{"display_name":"Marcelo S.Petraglia","author_link":"https:\/\/marcelopetraglia.com.br\/?author=2"},"uagb_comment_info":0,"uagb_excerpt":"Encontre um terapeuta Mesa Lira &amp; Tubos Sonoros atuante no Brasil &#8211; ver mapa Assista aqui as grava\u00e7\u00f5es das edi\u00e7\u00f5es do Painel Mesa Lira &amp; Tubos Sonoros Brasil","coauthors":[],"author_meta":{"author_link":"https:\/\/marcelopetraglia.com.br\/?author=2","display_name":"Marcelo S.Petraglia"},"relative_dates":{"created":"Publicado 4 anos atr\u00e1s","modified":"Atualizado 1 m\u00eas atr\u00e1s"},"absolute_dates":{"created":"Publicado em 13\/06\/2022","modified":"Atualizado em 18\/03\/2026"},"absolute_dates_time":{"created":"Publicado em 13\/06\/2022 00:16","modified":"Atualizado em 18\/03\/2026 16:50"},"featured_img_caption":"","featured_img":false,"series_order":"","_links":{"self":[{"href":"https:\/\/marcelopetraglia.com.br\/index.php?rest_route=\/wp\/v2\/pages\/1427","targetHints":{"allow":["GET"]}}],"collection":[{"href":"https:\/\/marcelopetraglia.com.br\/index.php?rest_route=\/wp\/v2\/pages"}],"about":[{"href":"https:\/\/marcelopetraglia.com.br\/index.php?rest_route=\/wp\/v2\/types\/page"}],"author":[{"embeddable":true,"href":"https:\/\/marcelopetraglia.com.br\/index.php?rest_route=\/wp\/v2\/users\/2"}],"replies":[{"embeddable":true,"href":"https:\/\/marcelopetraglia.com.br\/index.php?rest_route=%2Fwp%2Fv2%2Fcomments&post=1427"}],"version-history":[{"count":16,"href":"https:\/\/marcelopetraglia.com.br\/index.php?rest_route=\/wp\/v2\/pages\/1427\/revisions"}],"predecessor-version":[{"id":9549,"href":"https:\/\/marcelopetraglia.com.br\/index.php?rest_route=\/wp\/v2\/pages\/1427\/revisions\/9549"}],"wp:attachment":[{"href":"https:\/\/marcelopetraglia.com.br\/index.php?rest_route=%2Fwp%2Fv2%2Fmedia&parent=1427"}],"curies":[{"name":"wp","href":"https:\/\/api.w.org\/{rel}","templated":true}]}}